{"id":1031,"date":"2026-04-01T02:10:36","date_gmt":"2026-04-01T02:10:36","guid":{"rendered":"https:\/\/www.bepsapanama.com\/?page_id=1031"},"modified":"2026-04-13T03:43:53","modified_gmt":"2026-04-13T03:43:53","slug":"elementor-page-1031","status":"publish","type":"page","link":"https:\/\/www.bepsapanama.com\/?page_id=1031","title":{"rendered":"Nosotros"},"content":{"rendered":"\t\t<div data-elementor-type=\"wp-page\" data-elementor-id=\"1031\" class=\"elementor elementor-1031\">\n\t\t\t\t\t\t<section class=\"elementor-section elementor-top-section elementor-element elementor-element-a7792e4 elementor-section-boxed elementor-section-height-default elementor-section-height-default\" data-id=\"a7792e4\" data-element_type=\"section\" data-e-type=\"section\">\n\t\t\t\t\t\t<div class=\"elementor-container elementor-column-gap-default\">\n\t\t\t\t\t<div class=\"elementor-column elementor-col-100 elementor-top-column elementor-element elementor-element-d03c437\" data-id=\"d03c437\" data-element_type=\"column\" data-e-type=\"column\">\n\t\t\t<div class=\"elementor-widget-wrap elementor-element-populated\">\n\t\t\t\t\t\t<section class=\"elementor-section elementor-inner-section elementor-element elementor-element-8f3d683 elementor-section-boxed elementor-section-height-default elementor-section-height-default\" data-id=\"8f3d683\" data-element_type=\"section\" data-e-type=\"section\">\n\t\t\t\t\t\t<div class=\"elementor-container elementor-column-gap-default\">\n\t\t\t\t\t<div class=\"elementor-column elementor-col-50 elementor-inner-column elementor-element elementor-element-b41d611\" data-id=\"b41d611\" data-element_type=\"column\" data-e-type=\"column\">\n\t\t\t<div class=\"elementor-widget-wrap elementor-element-populated\">\n\t\t\t\t\t\t<div class=\"elementor-element elementor-element-3913731 elementor-widget elementor-widget-image\" data-id=\"3913731\" data-element_type=\"widget\" data-e-type=\"widget\" data-widget_type=\"image.default\">\n\t\t\t\t<div class=\"elementor-widget-container\">\n\t\t\t\t\t\t\t\t\t\t\t\t\t\t\t<img fetchpriority=\"high\" decoding=\"async\" width=\"1333\" height=\"2000\" src=\"https:\/\/www.bepsapanama.com\/wp-content\/uploads\/2026\/04\/Collage-de-fotos-para-imprimir-moderno-minimalista-verde.png\" class=\"attachment-full size-full wp-image-1088\" alt=\"\" srcset=\"https:\/\/www.bepsapanama.com\/wp-content\/uploads\/2026\/04\/Collage-de-fotos-para-imprimir-moderno-minimalista-verde.png 1333w, https:\/\/www.bepsapanama.com\/wp-content\/uploads\/2026\/04\/Collage-de-fotos-para-imprimir-moderno-minimalista-verde-200x300.png 200w, https:\/\/www.bepsapanama.com\/wp-content\/uploads\/2026\/04\/Collage-de-fotos-para-imprimir-moderno-minimalista-verde-682x1024.png 682w, https:\/\/www.bepsapanama.com\/wp-content\/uploads\/2026\/04\/Collage-de-fotos-para-imprimir-moderno-minimalista-verde-768x1152.png 768w, https:\/\/www.bepsapanama.com\/wp-content\/uploads\/2026\/04\/Collage-de-fotos-para-imprimir-moderno-minimalista-verde-1024x1536.png 1024w\" sizes=\"(max-width: 1333px) 100vw, 1333px\" \/>\t\t\t\t\t\t\t\t\t\t\t\t\t\t\t<\/div>\n\t\t\t\t<\/div>\n\t\t\t\t\t<\/div>\n\t\t<\/div>\n\t\t\t\t<div class=\"elementor-column elementor-col-50 elementor-inner-column elementor-element elementor-element-329b37f\" data-id=\"329b37f\" data-element_type=\"column\" data-e-type=\"column\">\n\t\t\t<div class=\"elementor-widget-wrap elementor-element-populated\">\n\t\t\t\t\t\t<div class=\"elementor-element elementor-element-0cca329 elementor-widget elementor-widget-text-editor\" data-id=\"0cca329\" data-element_type=\"widget\" data-e-type=\"widget\" data-widget_type=\"text-editor.default\">\n\t\t\t\t<div class=\"elementor-widget-container\">\n\t\t\t\t\t\t\t\t\t<p data-start=\"227\" data-end=\"619\">Somos una empresa especializada en la <strong data-start=\"265\" data-end=\"309\">certificaci\u00f3n de cabinas de bioseguridad<\/strong>, con m\u00e1s de <strong data-start=\"322\" data-end=\"391\">10 a\u00f1os de experiencia en el sector de la salud p\u00fablica y privada<\/strong>. Nuestro equipo t\u00e9cnico altamente calificado garantiza servicios confiables, precisos y alineados con las <strong data-start=\"498\" data-end=\"537\">normativas internacionales vigentes<\/strong>, asegurando resultados de alta calidad y total trazabilidad en cada intervenci\u00f3n.<\/p><p data-start=\"621\" data-end=\"914\">Ofrecemos <strong data-start=\"631\" data-end=\"725\">servicios de certificaci\u00f3n, mantenimiento preventivo y correctivo<\/strong>, as\u00ed como <strong data-start=\"736\" data-end=\"820\">diagn\u00f3stico, reparaci\u00f3n y descontaminaci\u00f3n de equipos de contenci\u00f3n biol\u00f3gica y equipos biom\u00e9dicos<\/strong> dentro de laboratorios cl\u00ednicos, farmac\u00e9uticos, hospitalarios, universitarios e industriales.<\/p><p data-start=\"916\" data-end=\"1314\">Adem\u00e1s, brindamos <strong data-start=\"934\" data-end=\"996\">soluciones especializadas en gesti\u00f3n de riesgos biol\u00f3gicos<\/strong>, que incluyen la <strong data-start=\"1014\" data-end=\"1055\">evaluaci\u00f3n de riesgos en laboratorios<\/strong>, <strong>elaboraci\u00f3n de matrices de riesgo, implementaci\u00f3n de medidas de mitigaci\u00f3n y la asesor\u00eda en el desarrollo, revisi\u00f3n y actualizaci\u00f3n de manuales de bioseguridad y los dise\u00f1os mecanicos de cuartos limpios,<\/strong>\u00a0garantizando el cumplimiento de est\u00e1ndares regulatorios y mejores pr\u00e1cticas internacionales.<\/p><p data-start=\"1316\" data-end=\"1584\">En el \u00e1rea de <strong data-start=\"1330\" data-end=\"1360\">manejo de riesgo biol\u00f3gico<\/strong>, contamos con una <strong data-start=\"1379\" data-end=\"1463\">acreditaci\u00f3n internacional otorgada por la <span class=\"hover:entity-accent entity-underline inline cursor-pointer align-baseline\"><span class=\"whitespace-normal\">International Federation of Biosafety Associations (IFBA)<\/span><\/span><\/strong>, lo que respalda nuestra competencia t\u00e9cnica y nuestro compromiso con los m\u00e1s altos est\u00e1ndares globales de bioseguridad.<\/p><p data-start=\"1586\" data-end=\"1954\">Nuestro equipo t\u00e9cnico est\u00e1 compuesto por profesionales con <strong data-start=\"1646\" data-end=\"1727\">certificaci\u00f3n vigente NSF\/ANSI 49 de la <span class=\"hover:entity-accent entity-underline inline cursor-pointer align-baseline\"><span class=\"whitespace-normal\">NSF International<\/span><\/span><\/strong>, acreditaci\u00f3n que nos faculta para realizar <strong data-start=\"1772\" data-end=\"1827\">pruebas de campo exhaustivas dentro de laboratorios<\/strong>, cumpliendo con los m\u00e1s estrictos protocolos de bioseguridad, rendimiento operacional y validaci\u00f3n de cabinas de bioseguridad.<\/p><p data-start=\"1956\" data-end=\"2090\">Trabajamos bajo estrictos est\u00e1ndares de calidad, asegurando la protecci\u00f3n del personal, las muestras, el producto y el medio ambiente.<\/p>\t\t\t\t\t\t\t\t<\/div>\n\t\t\t\t<\/div>\n\t\t\t\t\t<\/div>\n\t\t<\/div>\n\t\t\t\t\t<\/div>\n\t\t<\/section>\n\t\t\t\t\t<\/div>\n\t\t<\/div>\n\t\t\t\t\t<\/div>\n\t\t<\/section>\n\t\t\t\t<section class=\"elementor-section elementor-top-section elementor-element elementor-element-394b6d3 elementor-section-full_width elementor-section-height-default elementor-section-height-default\" data-id=\"394b6d3\" data-element_type=\"section\" data-e-type=\"section\">\n\t\t\t\t\t\t\t<div class=\"elementor-background-overlay\"><\/div>\n\t\t\t\t\t\t\t<div class=\"elementor-container elementor-column-gap-default\">\n\t\t\t\t\t<div class=\"elementor-column elementor-col-100 elementor-top-column elementor-element elementor-element-247e7e2\" data-id=\"247e7e2\" data-element_type=\"column\" data-e-type=\"column\">\n\t\t\t<div class=\"elementor-widget-wrap elementor-element-populated\">\n\t\t\t\t\t\t<div class=\"elementor-element elementor-element-e26d7a2 elementor-widget-divider--view-line elementor-widget elementor-widget-divider\" data-id=\"e26d7a2\" data-element_type=\"widget\" data-e-type=\"widget\" data-widget_type=\"divider.default\">\n\t\t\t\t<div class=\"elementor-widget-container\">\n\t\t\t\t\t\t\t<div class=\"elementor-divider\">\n\t\t\t<span class=\"elementor-divider-separator\">\n\t\t\t\t\t\t<\/span>\n\t\t<\/div>\n\t\t\t\t\t\t<\/div>\n\t\t\t\t<\/div>\n\t\t\t\t\t<\/div>\n\t\t<\/div>\n\t\t\t\t\t<\/div>\n\t\t<\/section>\n\t\t\t\t<section class=\"elementor-section elementor-top-section elementor-element elementor-element-d874d1c elementor-section-boxed elementor-section-height-default elementor-section-height-default\" data-id=\"d874d1c\" data-element_type=\"section\" data-e-type=\"section\">\n\t\t\t\t\t\t<div class=\"elementor-container elementor-column-gap-default\">\n\t\t\t\t\t<div class=\"elementor-column elementor-col-33 elementor-top-column elementor-element elementor-element-0947679\" data-id=\"0947679\" data-element_type=\"column\" data-e-type=\"column\">\n\t\t\t<div class=\"elementor-widget-wrap elementor-element-populated\">\n\t\t\t\t\t\t<div class=\"elementor-element elementor-element-ab7c3e3 elementor-widget elementor-widget-heading\" data-id=\"ab7c3e3\" data-element_type=\"widget\" data-e-type=\"widget\" data-widget_type=\"heading.default\">\n\t\t\t\t<div class=\"elementor-widget-container\">\n\t\t\t\t\t<h2 class=\"elementor-heading-title elementor-size-default\">Misi\u00f3n<\/h2>\t\t\t\t<\/div>\n\t\t\t\t<\/div>\n\t\t\t\t<div class=\"elementor-element elementor-element-344445e elementor-widget elementor-widget-text-editor\" data-id=\"344445e\" data-element_type=\"widget\" data-e-type=\"widget\" data-widget_type=\"text-editor.default\">\n\t\t\t\t<div class=\"elementor-widget-container\">\n\t\t\t\t\t\t\t\t\t<p>Garantizar la seguridad biol\u00f3gica de laboratorios e instituciones mediante servicios especializados de certificaci\u00f3n, mantenimiento y gesti\u00f3n de riesgos biol\u00f3gicos, respaldados por acreditaciones internacionales de primer nivel, m\u00e1s de 10 a\u00f1os de experiencia comprobada y un compromiso inquebrantable con la excelencia t\u00e9cnica y el cumplimiento normativo.<\/p>\t\t\t\t\t\t\t\t<\/div>\n\t\t\t\t<\/div>\n\t\t\t\t\t<\/div>\n\t\t<\/div>\n\t\t\t\t<div class=\"elementor-column elementor-col-33 elementor-top-column elementor-element elementor-element-de94979\" data-id=\"de94979\" data-element_type=\"column\" data-e-type=\"column\">\n\t\t\t<div class=\"elementor-widget-wrap elementor-element-populated\">\n\t\t\t\t\t\t<div class=\"elementor-element elementor-element-f8b3976 elementor-widget elementor-widget-heading\" data-id=\"f8b3976\" data-element_type=\"widget\" data-e-type=\"widget\" data-widget_type=\"heading.default\">\n\t\t\t\t<div class=\"elementor-widget-container\">\n\t\t\t\t\t<h2 class=\"elementor-heading-title elementor-size-default\">Visi\u00f3n<\/h2>\t\t\t\t<\/div>\n\t\t\t\t<\/div>\n\t\t\t\t<div class=\"elementor-element elementor-element-50e766a elementor-widget elementor-widget-text-editor\" data-id=\"50e766a\" data-element_type=\"widget\" data-e-type=\"widget\" data-widget_type=\"text-editor.default\">\n\t\t\t\t<div class=\"elementor-widget-container\">\n\t\t\t\t\t\t\t\t\t<p>Consolidarnos como la empresa l\u00edder en bioseguridad y certificaci\u00f3n de equipos de contenci\u00f3n biol\u00f3gica en Panam\u00e1 y Centroam\u00e9rica, siendo el referente t\u00e9cnico de mayor confianza para instituciones de salud, farmac\u00e9uticas e industriales que exigen los m\u00e1s altos est\u00e1ndares internacionales de seguridad y calidad.<\/p>\t\t\t\t\t\t\t\t<\/div>\n\t\t\t\t<\/div>\n\t\t\t\t\t<\/div>\n\t\t<\/div>\n\t\t\t\t<div class=\"elementor-column elementor-col-33 elementor-top-column elementor-element elementor-element-e90027f\" data-id=\"e90027f\" data-element_type=\"column\" data-e-type=\"column\">\n\t\t\t<div class=\"elementor-widget-wrap elementor-element-populated\">\n\t\t\t\t\t\t<div class=\"elementor-element elementor-element-b0efb29 elementor-widget elementor-widget-heading\" data-id=\"b0efb29\" data-element_type=\"widget\" data-e-type=\"widget\" data-widget_type=\"heading.default\">\n\t\t\t\t<div class=\"elementor-widget-container\">\n\t\t\t\t\t<h2 class=\"elementor-heading-title elementor-size-default\">Valores<\/h2>\t\t\t\t<\/div>\n\t\t\t\t<\/div>\n\t\t\t\t<div class=\"elementor-element elementor-element-583eab5 elementor-icon-list--layout-traditional elementor-list-item-link-full_width elementor-widget elementor-widget-icon-list\" data-id=\"583eab5\" data-element_type=\"widget\" data-e-type=\"widget\" data-widget_type=\"icon-list.default\">\n\t\t\t\t<div class=\"elementor-widget-container\">\n\t\t\t\t\t\t\t<ul class=\"elementor-icon-list-items\">\n\t\t\t\t\t\t\t<li class=\"elementor-icon-list-item\">\n\t\t\t\t\t\t\t\t\t\t\t<span class=\"elementor-icon-list-icon\">\n\t\t\t\t\t\t\t<i aria-hidden=\"true\" class=\"fas fa-check-circle\"><\/i>\t\t\t\t\t\t<\/span>\n\t\t\t\t\t\t\t\t\t\t<span class=\"elementor-icon-list-text\">Compromiso con la seguridad<\/span>\n\t\t\t\t\t\t\t\t\t<\/li>\n\t\t\t\t\t\t\t\t<li class=\"elementor-icon-list-item\">\n\t\t\t\t\t\t\t\t\t\t\t<span class=\"elementor-icon-list-icon\">\n\t\t\t\t\t\t\t<i aria-hidden=\"true\" class=\"fas fa-check-circle\"><\/i>\t\t\t\t\t\t<\/span>\n\t\t\t\t\t\t\t\t\t\t<span class=\"elementor-icon-list-text\">Excelencia t\u00e9cnica<\/span>\n\t\t\t\t\t\t\t\t\t<\/li>\n\t\t\t\t\t\t\t\t<li class=\"elementor-icon-list-item\">\n\t\t\t\t\t\t\t\t\t\t\t<span class=\"elementor-icon-list-icon\">\n\t\t\t\t\t\t\t<i aria-hidden=\"true\" class=\"fas fa-check-circle\"><\/i>\t\t\t\t\t\t<\/span>\n\t\t\t\t\t\t\t\t\t\t<span class=\"elementor-icon-list-text\">Innovaci\u00f3n continua<\/span>\n\t\t\t\t\t\t\t\t\t<\/li>\n\t\t\t\t\t\t\t\t<li class=\"elementor-icon-list-item\">\n\t\t\t\t\t\t\t\t\t\t\t<span class=\"elementor-icon-list-icon\">\n\t\t\t\t\t\t\t<i aria-hidden=\"true\" class=\"fas fa-check-circle\"><\/i>\t\t\t\t\t\t<\/span>\n\t\t\t\t\t\t\t\t\t\t<span class=\"elementor-icon-list-text\">\u00c9tica profesional<\/span>\n\t\t\t\t\t\t\t\t\t<\/li>\n\t\t\t\t\t\t\t\t<li class=\"elementor-icon-list-item\">\n\t\t\t\t\t\t\t\t\t\t\t<span class=\"elementor-icon-list-icon\">\n\t\t\t\t\t\t\t<i aria-hidden=\"true\" class=\"fas fa-check-circle\"><\/i>\t\t\t\t\t\t<\/span>\n\t\t\t\t\t\t\t\t\t\t<span class=\"elementor-icon-list-text\">Cumplimiento normativo<\/span>\n\t\t\t\t\t\t\t\t\t<\/li>\n\t\t\t\t\t\t\t\t<li class=\"elementor-icon-list-item\">\n\t\t\t\t\t\t\t\t\t\t\t<span class=\"elementor-icon-list-icon\">\n\t\t\t\t\t\t\t<i aria-hidden=\"true\" class=\"fas fa-check-circle\"><\/i>\t\t\t\t\t\t<\/span>\n\t\t\t\t\t\t\t\t\t\t<span class=\"elementor-icon-list-text\">Orientaci\u00f3n al cliente<\/span>\n\t\t\t\t\t\t\t\t\t<\/li>\n\t\t\t\t\t\t\t\t<li class=\"elementor-icon-list-item\">\n\t\t\t\t\t\t\t\t\t\t\t<span class=\"elementor-icon-list-icon\">\n\t\t\t\t\t\t\t<i aria-hidden=\"true\" class=\"fas fa-check-circle\"><\/i>\t\t\t\t\t\t<\/span>\n\t\t\t\t\t\t\t\t\t\t<span class=\"elementor-icon-list-text\">Respuesta oportuna<\/span>\n\t\t\t\t\t\t\t\t\t<\/li>\n\t\t\t\t\t\t<\/ul>\n\t\t\t\t\t\t<\/div>\n\t\t\t\t<\/div>\n\t\t\t\t\t<\/div>\n\t\t<\/div>\n\t\t\t\t\t<\/div>\n\t\t<\/section>\n\t\t\t\t<section class=\"elementor-section elementor-top-section elementor-element elementor-element-85c3483 elementor-section-boxed elementor-section-height-default elementor-section-height-default\" data-id=\"85c3483\" data-element_type=\"section\" data-e-type=\"section\">\n\t\t\t\t\t\t<div class=\"elementor-container elementor-column-gap-default\">\n\t\t\t\t\t<div class=\"elementor-column elementor-col-100 elementor-top-column elementor-element elementor-element-962d6dc\" data-id=\"962d6dc\" data-element_type=\"column\" data-e-type=\"column\">\n\t\t\t<div class=\"elementor-widget-wrap elementor-element-populated\">\n\t\t\t\t\t\t<div class=\"elementor-element elementor-element-1f36a39 elementor-widget elementor-widget-spacer\" data-id=\"1f36a39\" data-element_type=\"widget\" data-e-type=\"widget\" data-widget_type=\"spacer.default\">\n\t\t\t\t<div class=\"elementor-widget-container\">\n\t\t\t\t\t\t\t<div class=\"elementor-spacer\">\n\t\t\t<div class=\"elementor-spacer-inner\"><\/div>\n\t\t<\/div>\n\t\t\t\t\t\t<\/div>\n\t\t\t\t<\/div>\n\t\t\t\t\t<\/div>\n\t\t<\/div>\n\t\t\t\t\t<\/div>\n\t\t<\/section>\n\t\t\t\t<section class=\"elementor-section elementor-top-section elementor-element elementor-element-640c97e elementor-section-boxed elementor-section-height-default elementor-section-height-default\" data-id=\"640c97e\" data-element_type=\"section\" data-e-type=\"section\">\n\t\t\t\t\t\t<div class=\"elementor-container elementor-column-gap-default\">\n\t\t\t\t\t<div class=\"elementor-column elementor-col-50 elementor-top-column elementor-element elementor-element-45124f5\" data-id=\"45124f5\" data-element_type=\"column\" data-e-type=\"column\">\n\t\t\t<div class=\"elementor-widget-wrap elementor-element-populated\">\n\t\t\t\t\t\t<div class=\"elementor-element elementor-element-8c35b92 elementor-widget elementor-widget-heading\" data-id=\"8c35b92\" data-element_type=\"widget\" data-e-type=\"widget\" data-widget_type=\"heading.default\">\n\t\t\t\t<div class=\"elementor-widget-container\">\n\t\t\t\t\t<h2 class=\"elementor-heading-title elementor-size-default\">Servicios Destacados<\/h2>\t\t\t\t<\/div>\n\t\t\t\t<\/div>\n\t\t\t\t<div class=\"elementor-element elementor-element-bc9206c elementor-widget elementor-widget-text-editor\" data-id=\"bc9206c\" data-element_type=\"widget\" data-e-type=\"widget\" data-widget_type=\"text-editor.default\">\n\t\t\t\t<div class=\"elementor-widget-container\">\n\t\t\t\t\t\t\t\t\t<ul><li data-start=\"3224\" data-end=\"3266\" data-section-id=\"lu1uac\">Certificaci\u00f3n de cabinas de bioseguridad<\/li><li data-start=\"3267\" data-end=\"3306\" data-section-id=\"1pl9tep\">Mantenimiento preventivo y correctivo<\/li><li data-start=\"3307\" data-end=\"3341\" data-section-id=\"1oy7mzh\">Reparaci\u00f3n de equipos biom\u00e9dicos<\/li><li data-start=\"3307\" data-end=\"3341\" data-section-id=\"1oy7mzh\">Descontaminaci\u00f3n de gabinetes de bioseguridad<\/li><li data-start=\"3342\" data-end=\"3381\" data-section-id=\"d181k6\">Evaluaci\u00f3n de riesgos en laboratorios<\/li><li data-start=\"3382\" data-end=\"3423\" data-section-id=\"1407csf\">Elaboraci\u00f3n y Asesor\u00eda de manuales de bioseguridad y dise\u00f1os mecanicos de cuartos limpios<\/li><li data-start=\"3424\" data-end=\"3453\" data-section-id=\"1651kx0\">Gesti\u00f3n de riesgo biol\u00f3gico<\/li><li data-start=\"3454\" data-end=\"3501\" data-section-id=\"p9sf81\">Validaci\u00f3n de equipos de contenci\u00f3n biol\u00f3gica<\/li><\/ul>\t\t\t\t\t\t\t\t<\/div>\n\t\t\t\t<\/div>\n\t\t\t\t\t<\/div>\n\t\t<\/div>\n\t\t\t\t<div class=\"elementor-column elementor-col-50 elementor-top-column elementor-element elementor-element-b558c31\" data-id=\"b558c31\" data-element_type=\"column\" data-e-type=\"column\">\n\t\t\t<div class=\"elementor-widget-wrap elementor-element-populated\">\n\t\t\t\t\t\t<div class=\"elementor-element elementor-element-d0287f6 elementor-widget elementor-widget-heading\" data-id=\"d0287f6\" data-element_type=\"widget\" data-e-type=\"widget\" data-widget_type=\"heading.default\">\n\t\t\t\t<div class=\"elementor-widget-container\">\n\t\t\t\t\t<h2 class=\"elementor-heading-title elementor-size-default\">Certificaciones y Acreditaciones<\/h2>\t\t\t\t<\/div>\n\t\t\t\t<\/div>\n\t\t\t\t<div class=\"elementor-element elementor-element-a0f24da elementor-widget elementor-widget-text-editor\" data-id=\"a0f24da\" data-element_type=\"widget\" data-e-type=\"widget\" data-widget_type=\"text-editor.default\">\n\t\t\t\t<div class=\"elementor-widget-container\">\n\t\t\t\t\t\t\t\t\t<ol>\n<li data-start=\"2851\" data-end=\"2948\" data-section-id=\"iwh4tb\"><strong>Certificaci\u00f3n internacional<\/strong> por la <span class=\"hover:entity-accent entity-underline inline cursor-pointer align-baseline\"><span class=\"whitespace-normal\"><em>International Federation of Biosafety Associations<\/em> (IFBA)<\/span><\/span> en manejo de riesgo biol\u00f3gico.<\/li>\n<li data-start=\"2949\" data-end=\"3030\" data-section-id=\"96g6w5\">Certificaci\u00f3n vigente <strong data-start=\"2973\" data-end=\"2988\">NSF\/ANSI 49<\/strong> por <em><span class=\"hover:entity-accent entity-underline inline cursor-pointer align-baseline\"><span class=\"whitespace-normal\">NSF International<\/span><\/span><\/em><\/li>\n<li data-start=\"3031\" data-end=\"3122\" data-section-id=\"6raopt\">Cumplimiento de normativas internacionales aplicables a laboratorios y equipos biom\u00e9dicos.<\/li>\n<\/ol>\t\t\t\t\t\t\t\t<\/div>\n\t\t\t\t<\/div>\n\t\t\t\t<section class=\"elementor-section elementor-inner-section elementor-element elementor-element-e37f48a elementor-section-boxed elementor-section-height-default elementor-section-height-default\" data-id=\"e37f48a\" data-element_type=\"section\" data-e-type=\"section\">\n\t\t\t\t\t\t<div class=\"elementor-container elementor-column-gap-default\">\n\t\t\t\t\t<div class=\"elementor-column elementor-col-50 elementor-inner-column elementor-element elementor-element-6bfeb8a\" data-id=\"6bfeb8a\" data-element_type=\"column\" data-e-type=\"column\">\n\t\t\t<div class=\"elementor-widget-wrap elementor-element-populated\">\n\t\t\t\t\t\t<div class=\"elementor-element elementor-element-9d5a3b7 elementor-widget elementor-widget-image\" data-id=\"9d5a3b7\" data-element_type=\"widget\" data-e-type=\"widget\" data-widget_type=\"image.default\">\n\t\t\t\t<div class=\"elementor-widget-container\">\n\t\t\t\t\t\t\t\t\t\t\t\t\t\t\t<img decoding=\"async\" width=\"150\" height=\"150\" src=\"https:\/\/www.bepsapanama.com\/wp-content\/uploads\/2026\/03\/5405e7ba-edb6-4578-9bc0-8137189f8df2_removalai_preview-150x150.png\" class=\"attachment-thumbnail size-thumbnail wp-image-1017\" alt=\"\" srcset=\"https:\/\/www.bepsapanama.com\/wp-content\/uploads\/2026\/03\/5405e7ba-edb6-4578-9bc0-8137189f8df2_removalai_preview-150x150.png 150w, https:\/\/www.bepsapanama.com\/wp-content\/uploads\/2026\/03\/5405e7ba-edb6-4578-9bc0-8137189f8df2_removalai_preview-300x300.png 300w, https:\/\/www.bepsapanama.com\/wp-content\/uploads\/2026\/03\/5405e7ba-edb6-4578-9bc0-8137189f8df2_removalai_preview.png 600w\" sizes=\"(max-width: 150px) 100vw, 150px\" \/>\t\t\t\t\t\t\t\t\t\t\t\t\t\t\t<\/div>\n\t\t\t\t<\/div>\n\t\t\t\t\t<\/div>\n\t\t<\/div>\n\t\t\t\t<div class=\"elementor-column elementor-col-50 elementor-inner-column elementor-element elementor-element-81b7794\" data-id=\"81b7794\" data-element_type=\"column\" data-e-type=\"column\">\n\t\t\t<div class=\"elementor-widget-wrap elementor-element-populated\">\n\t\t\t\t\t\t<div class=\"elementor-element elementor-element-24d14ab elementor-widget elementor-widget-image\" data-id=\"24d14ab\" data-element_type=\"widget\" data-e-type=\"widget\" data-widget_type=\"image.default\">\n\t\t\t\t<div class=\"elementor-widget-container\">\n\t\t\t\t\t\t\t\t\t\t\t\t\t\t\t<img decoding=\"async\" width=\"300\" height=\"225\" src=\"https:\/\/www.bepsapanama.com\/wp-content\/uploads\/2026\/04\/IFBA-300x225.png\" class=\"attachment-medium size-medium wp-image-1148\" alt=\"\" srcset=\"https:\/\/www.bepsapanama.com\/wp-content\/uploads\/2026\/04\/IFBA-300x225.png 300w, https:\/\/www.bepsapanama.com\/wp-content\/uploads\/2026\/04\/IFBA-768x576.png 768w, https:\/\/www.bepsapanama.com\/wp-content\/uploads\/2026\/04\/IFBA.png 800w\" sizes=\"(max-width: 300px) 100vw, 300px\" \/>\t\t\t\t\t\t\t\t\t\t\t\t\t\t\t<\/div>\n\t\t\t\t<\/div>\n\t\t\t\t\t<\/div>\n\t\t<\/div>\n\t\t\t\t\t<\/div>\n\t\t<\/section>\n\t\t\t\t\t<\/div>\n\t\t<\/div>\n\t\t\t\t\t<\/div>\n\t\t<\/section>\n\t\t\t\t<\/div>\n\t\t","protected":false},"excerpt":{"rendered":"<p>Somos una empresa especializada en la certificaci\u00f3n de cabinas de bioseguridad, con m\u00e1s de 10 a\u00f1os de experiencia en el sector de la salud p\u00fablica y privada. Nuestro equipo t\u00e9cnico altamente calificado garantiza servicios confiables, precisos y alineados con las normativas internacionales vigentes, asegurando resultados de alta calidad y total trazabilidad en cada intervenci\u00f3n. Ofrecemos [&hellip;]<\/p>\n","protected":false},"author":3,"featured_media":0,"parent":0,"menu_order":0,"comment_status":"closed","ping_status":"closed","template":"","meta":{"_citadela_hide_page_title":"","_citadela_remove_header_space":"","footnotes":""},"class_list":["post-1031","page","type-page","status-publish","hentry"],"_links":{"self":[{"href":"https:\/\/www.bepsapanama.com\/index.php?rest_route=\/wp\/v2\/pages\/1031","targetHints":{"allow":["GET"]}}],"collection":[{"href":"https:\/\/www.bepsapanama.com\/index.php?rest_route=\/wp\/v2\/pages"}],"about":[{"href":"https:\/\/www.bepsapanama.com\/index.php?rest_route=\/wp\/v2\/types\/page"}],"author":[{"embeddable":true,"href":"https:\/\/www.bepsapanama.com\/index.php?rest_route=\/wp\/v2\/users\/3"}],"replies":[{"embeddable":true,"href":"https:\/\/www.bepsapanama.com\/index.php?rest_route=%2Fwp%2Fv2%2Fcomments&post=1031"}],"version-history":[{"count":32,"href":"https:\/\/www.bepsapanama.com\/index.php?rest_route=\/wp\/v2\/pages\/1031\/revisions"}],"predecessor-version":[{"id":1198,"href":"https:\/\/www.bepsapanama.com\/index.php?rest_route=\/wp\/v2\/pages\/1031\/revisions\/1198"}],"wp:attachment":[{"href":"https:\/\/www.bepsapanama.com\/index.php?rest_route=%2Fwp%2Fv2%2Fmedia&parent=1031"}],"curies":[{"name":"wp","href":"https:\/\/api.w.org\/{rel}","templated":true}]}}